{"id":46,"date":"2023-04-11T18:11:52","date_gmt":"2023-04-11T16:11:52","guid":{"rendered":"https:\/\/ambasciatapraga.esteri.it\/?page_id=46"},"modified":"2024-12-27T12:04:45","modified_gmt":"2024-12-27T10:04:45","slug":"cooperazione-allo-sviluppo","status":"publish","type":"page","link":"https:\/\/amblusaka.esteri.it\/it\/italia-e-zambia\/cooperazione-allo-sviluppo\/","title":{"rendered":"Cooperazione allo sviluppo"},"content":{"rendered":"<p><strong>Cooperazione allo sviluppo<\/strong><\/p>\n<p>Dal giugno 2024 lo Zambia \u00e8 stato incluso nel novero dei <strong>Paesi prioritari per la cooperazione allo sviluppo<\/strong> italiana, con le province del Copperbelt e North-Western (interessate dal Corridoio di Lobito) come aree geografiche attenzionate. I pilastri delle future attivit\u00e0 di cooperazione riguardano l\u2019<strong>agro-alimentare, <\/strong>la protezione dell\u2019ambiente e la gestione delle <strong>risorse naturali<\/strong>.<\/p>\n<p><strong>\u00a0<\/strong><strong>Organizzazioni Non Governative italiane operanti in Zambia<\/strong><\/p>\n<p><strong><a href=\"https:\/\/africacallzambia.wordpress.com\/\">Africa Call Organisation (ACO)<\/a><\/strong><\/p>\n<p>Stabilitasi a Lusaka nel 2007 come controparte dell\u2019associazione italiana L\u2019Africa Chiama, dedica gran parte del suo operato a progetti a beneficio di persone disabili. Gestisce la Shalom Community School a Kanyama, fornendo istruzione a oltre 900 studenti, inclusi numerosi bambini disabili. La Shalom Clinic Maternity Ward \u00e8 specializzata in cure materno-infantili e il Shalom Skills Centre fornisce servizi di riabilitazione per tutta la comunit\u00e0. In collaborazione con l\u2019Associazione Papa Giovanni XXIII, Africa Call ha aperto un centro nutrizionale e un centro per la riabilitazione di bambini di strada a Ndola, nella zona del Copperbelt. I fondi provengono da L\u2019Africa Chiama Onlus, UE, ricavi propri, Cheshire Home Society e Misereor.<\/p>\n<p><strong>\u00a0<\/strong><strong><a href=\"https:\/\/amaniforafrica.it\/\">Associazione AMANI<\/a><\/strong><\/p>\n<p>Dal 2000 Amani sostiene la Comunit\u00e0 di Koinonia e il Mthunzi Centre, un centro di accoglienza per ex bambini di strada nella zona di Lusaka West. Dal 1995, l\u2019associazione costruisce e sostiene case di accoglienza, centri educativi e scolastici in Zambia, Sudan e Kenya, migliorando le condizioni di vita dei bambini vulnerabili. Fondi da donazioni private e 5&#215;100.<\/p>\n<p><strong><a href=\"https:\/\/www.apg23.org\/it\/condivisione_fra_i_popoli\/\">Associazione Papa Giovanni XXIII\/ CONDIVISIONE FRA I POPOLI<\/a><\/strong><\/p>\n<p>Dal 1985 opera nel Copperbelt, specialmente a Ndola e Kitwe, promuovendo iniziative a favore di bambini, orfani, bambini disabili e persone marginali. Le attivit\u00e0 includono case-famiglia, centri educativi e di formazione, centri nutrizionali e una fabbrica di gelato con il marchio &#8220;Gigibont\u00e0&#8221; per sostenere finanziariamente le iniziative dell&#8217;associazione. Le attivit\u00e0 si sostengono grazie a fondi propri, donazioni da istituzioni locali.<\/p>\n<p><strong><a href=\"https:\/\/www.celim.it\/it\/progetto\/edu-care\/\">CeLIM Zambia<\/a><\/strong><\/p>\n<p>Dal 1981 CELIM entra nel Paese in collaborazione con le Diocesi di Milano e di Monza per avviare la Zambezi Training Farm a Chirundu, attiva ancora oggi nella coltivazione della banana. Fino al 2012, anche grazie al cofinanziamento del MAECI, sviluppa progetti in diversi settori: sviluppo rurale e agricoltura sostenibile, prevenzione delle STDs e lotta all&#8217;AIDS, microcredito, formazione professionale e turismo responsabile con l&#8217;avvio a Livingstone di Olga&#8217;s, pizzeria e guest house, i cui proventi finanziano la scuola professionale Youth Community Training Centre. Dal 2007 CELIM entra nella Provincia Occidentale impegnandosi in progetti agricoli e ambientali per lottare contro deforestazione e cambiamenti climatici; dal 2009 inizia anche a promuovere l&#8217;educazione primaria e della prima infanzia in scuole comunitarie anche nella Provincia di Lusaka. Dal 2016 inizia l&#8217;impegno di CELIM nella tutela dei diritti umani di detenuti, persone con disabilit\u00e0 e ragazzi di strada con attivit\u00e0 anche nelle Province Centrale e del Copperbelt. sono finanziati dall\u2019 UE, COMESA e dalla Conferenza Episcopale Italiana.<\/p>\n<p>&nbsp;<\/p>\n<p><strong>ONG italiane locali<br \/>\n<\/strong><\/p>\n<p><strong><a href=\"https:\/\/www.associazionejacaranda.org\/\">Associazione Progetto Jacaranda Onlus<\/a><\/strong><\/p>\n<p>Fondata nel 2006, mira a supportare i bambini svantaggiati in Zambia, fornendo loro educazione e formazione. Tra i principali progetti vi sono la costruzione della St Peter\u2019s Secondary School e il Kopumuna Skills Development Project, che offre corsi per elettricisti, idraulici, sarti e informatici. Opera principalmente a Livingstone, migliorando le opportunit\u00e0 educative e di sviluppo professionale per i giovani. Fondi da donazioni private.<\/p>\n<p><strong><a href=\"http:\/\/www.caritasenzaconfini.org\/?zodonations=un-pasto-al-giorno\">Associazione Carit\u00e0 Senza Confini Onlus (San Marino Bakery)<\/a><\/strong><\/p>\n<p>Dal 2012, il progetto San Marino Bakery produce pane per supportare i centri nutrizionali e facilitare la consegna di cibo ai detenuti. Mira a migliorare la sicurezza alimentare e nutrizionale per bambini e persone vulnerabili a Lusaka, garantendo un pasto quotidiano a molti di loro. Fondi da donazioni private.<\/p>\n<p><strong><a href=\"https:\/\/www.eccomi.org\/i-progetti-di-eccomi\/zambia\/\">ECCOMI ODV-ETS<\/a><\/strong><\/p>\n<p>Operante a Lusaka e Luapula, ECCOMI ODV-ETS si focalizza sulla formazione professionale e sul supporto al lavoro delle donne e dei giovani, migliorando le competenze e le opportunit\u00e0 di lavoro per i membri pi\u00f9 vulnerabili delle comunit\u00e0 locali. Fondi da donazioni private.<\/p>\n<p><strong><a href=\"https:\/\/fmsi.ngo\/un-posto-migliore-per-crescere-e-imparare\/\">Fondazione Marista per la Solidariet\u00e0 Internazionale<\/a><\/strong><\/p>\n<p>Fondata dall\u2019Istituto dei Fratelli Maristi nel 2007, si impegna per i diritti dei bambini e degli adolescenti. I progetti includono il Water and Sanitation Project, l&#8217;acquisto di letti e mobilio per il St. Paul Mulungushi Rural Health Center, e altri interventi per migliorare le condizioni di vita e le opportunit\u00e0 educative dei giovani. Fondi da donazioni private e 5&#215;1000.<\/p>\n<p><strong><a href=\"https:\/\/www.guardavanti.org\/educazione-primaria-bambini-zambia\/\">Guardavanti: Per il Futuro dei Bambini<\/a><\/strong><\/p>\n<p>Fondata nel 2011, promuove lo sviluppo e l&#8217;integrazione delle varie culture, supportando la Katulumba Community School a Siavonga con il progetto &#8220;Vado a scuola&#8221;, migliorando l&#8217;accesso all&#8217;istruzione per i bambini locali. I fondi per le attivit\u00e0 implementate arrivano da privati, CEI e Intesa San Paolo.<\/p>\n<p><strong><a href=\"http:\/\/www.maluba.org\/\">MALUBA Onlus<\/a><\/strong><\/p>\n<p>Fondata nel 2000 a Roma, Maluba Onlus promuove progetti per alleviare le condizioni di indigenza delle famiglie e dei bambini in Zambia. Le attivit\u00e0 principali includono sostegno alimentare, scolastico e sanitario per orfani e bambini vulnerabili a Monze e Ndola.<\/p>\n<p><strong>Missionary Group of Solidarity \u2013 We For Zambia<\/strong><\/p>\n<p>Attiva a Luanshya dal 2000, opera nei settori scolastico, sanitario e sociale. Gestisce una scuola dall&#8217;asilo alle medie per oltre 2000 bambini, un centro nutrizionale per circa 250 bambini e fornisce generi alimentari a circa 400 famiglie in difficolt\u00e0. Finanziamenti da privati (sostegno a distanza) e autofinanziamento (artigianato).<\/p>\n<p><strong><a href=\"https:\/\/www.nooneout.org\/cosa-facciamo\/i-nostri-progetti\/progetti-conclusi\/zambia-educazione-e-agricoltura-sostenibile-nelle-comunita-rurali-di-solwezi.html\">NO ONE OUT<\/a><\/strong><\/p>\n<p>Attiva nelle comunit\u00e0 rurali di Solwezi dal 2018, si occupa di interventi di agricoltura e il loro miglioramento si basa sulla formazione, il miglioramento delle tecniche agricole e la collaborazione con le scuole. Finanziamenti: 8&#215;1000 e MUSEKE ONLUS<\/p>\n<p><strong>PAMA ONLUS<\/strong><\/p>\n<p>Opera in Zambia attraverso la Zambia Helpers Society (ZHS), offrendo sostegno economico e culturale a un gruppo di donne coordinate da Mother Emelda. Le attivit\u00e0 includono un orfanotrofio, sostegno universitario, scuola, allevamento di pulcini e produzione agricola. Finanziamenti da donazioni private.<\/p>\n<p><strong><a href=\"https:\/\/www.pamodzindiana.org\/\">PAMODZI NDI ANA<\/a><\/strong><\/p>\n<p>Registrata in Zambia e attiva nella provincia orientale dal 2006, si impegna a migliorare le condizioni di vita dei bambini attraverso soluzioni concrete nell\u2019ambito dell\u2019educazione e dello sviluppo. I suoi obiettivi principali includono il miglioramento del benessere e dei servizi per i bambini disabili, dell&#8217;assistenza e della tutela della maternit\u00e0 e della prima infanzia, della qualit\u00e0 e dell&#8217;accesso all&#8217;istruzione per tutti i bambini, nonch\u00e9 dell&#8217;accesso all&#8217;acqua pulita.<\/p>\n<p><strong>TWAFANE ASSOCIATION<\/strong><\/p>\n<p>Operante nel Copperbelt dal 2008, si dedica a diverse attivit\u00e0 benefiche, tra cui il Progetto Madre-Bambino (Mayo Mwana: MMP), il Progetto Opportunit\u00e0 (Ishuko), programmi di salute e nutrizione, programmi sociali e scolastici, oltre a fornire aggiornamenti e formazione al personale sanitario e volontari. Opera anche nel campo profughi di Meheba. Le raccolte di fondi a livello locale ed estero permettono l\u2019implementazione di attivit\u00e0.<\/p>\n<p><strong>\u00a0<\/strong><strong><a href=\"https:\/\/www.ulemu.org\/\">ULEMU, NO ONE EXCLUDED<\/a><\/strong><\/p>\n<p>Ulemu (= rispetto) si impegna quotidianamente a promuovere il rispetto dei diritti delle donne e dei minori vulnerabili e proteggerli da ogni forma di violenza, discriminazione o abuso. I suoi progetti includono &#8220;Stop the violence&#8221;, &#8220;Costruiamo futuro&#8221; (emancipazione femminile e tutela dei minori vittime di violenza a Lusaka), &#8220;Stop child abuse&#8221;, e &#8220;Cherished home&#8221;. Fondi da donazioni private.<\/p>\n<p><strong><a href=\"http:\/\/www.sport2build.org\/wp\/?lang=it\">SPORT2BUILD<\/a><\/strong><\/p>\n<p>Dal 2006 due fondatori di Sport2build, gi\u00e0 impegnati in Zambia con progetti di cooperazione internazionale, iniziano ad organizzare nel loro tempo libero, varie corse podistiche coinvolgendo sempre pi\u00f9 partecipanti fino a raggiungere medie di 500 giovani dai 6 ai 40 anni. Nasce cosi` questa organizzazione apolitica italiana, che lavora per migliorare e rafforzare i giovani e i bambini meno privilegiati usando lo sport come strumento di cambiamento di comportamenti e societ\u00e0.<\/p>\n","protected":false},"excerpt":{"rendered":"Cooperazione allo sviluppo Dal giugno 2024 lo Zambia \u00e8 stato incluso nel novero dei Paesi prioritari per la cooperazione allo sviluppo italiana, con le province del Copperbelt e North-Western (interessate dal Corridoio di Lobito) come aree geografiche attenzionate. I pilastri delle future attivit\u00e0 di cooperazione riguardano l\u2019agro-alimentare, la protezione dell\u2019ambiente e la gestione delle risorse [&hellip;]","protected":false},"author":1,"featured_media":0,"parent":14,"menu_order":6,"comment_status":"closed","ping_status":"closed","template":"","meta":{"footnotes":""},"class_list":["post-46","page","type-page","status-publish","hentry"],"_links":{"self":[{"href":"https:\/\/amblusaka.esteri.it\/it\/wp-json\/wp\/v2\/pages\/46","targetHints":{"allow":["GET"]}}],"collection":[{"href":"https:\/\/amblusaka.esteri.it\/it\/wp-json\/wp\/v2\/pages"}],"about":[{"href":"https:\/\/amblusaka.esteri.it\/it\/wp-json\/wp\/v2\/types\/page"}],"author":[{"embeddable":true,"href":"https:\/\/amblusaka.esteri.it\/it\/wp-json\/wp\/v2\/users\/1"}],"replies":[{"embeddable":true,"href":"https:\/\/amblusaka.esteri.it\/it\/wp-json\/wp\/v2\/comments?post=46"}],"version-history":[{"count":6,"href":"https:\/\/amblusaka.esteri.it\/it\/wp-json\/wp\/v2\/pages\/46\/revisions"}],"predecessor-version":[{"id":2364,"href":"https:\/\/amblusaka.esteri.it\/it\/wp-json\/wp\/v2\/pages\/46\/revisions\/2364"}],"up":[{"embeddable":true,"href":"https:\/\/amblusaka.esteri.it\/it\/wp-json\/wp\/v2\/pages\/14"}],"wp:attachment":[{"href":"https:\/\/amblusaka.esteri.it\/it\/wp-json\/wp\/v2\/media?parent=46"}],"curies":[{"name":"wp","href":"https:\/\/api.w.org\/{rel}","templated":true}]}}