{"id":44,"date":"2023-04-11T18:10:45","date_gmt":"2023-04-11T16:10:45","guid":{"rendered":"https:\/\/ambasciatapraga.esteri.it\/?page_id=44"},"modified":"2024-12-27T12:20:00","modified_gmt":"2024-12-27T10:20:00","slug":"diplomazia-culturale","status":"publish","type":"page","link":"https:\/\/amblusaka.esteri.it\/it\/italia-e-zambia\/diplomazia-culturale\/","title":{"rendered":"Diplomazia culturale"},"content":{"rendered":"<p>Nata negli anni 70 grazie ad un comitato di Italiani riuniti nell\u2019associazione \u201cZambian Italian Cultural Centre Trust\u201d, la Scuola Italiana di Lusaka continua ancor oggi a vivere con pi\u00f9 di 400 alunni quale scuola internazionale privata.<\/p>\n<p>Nel giugno 2019 si \u00e8 ricostituita la Societ\u00e0 Dante Alighieri per la promozione e la diffusione della Lingua Italiana in Zambia e il 16 Marzo 2020 \u00e8 stato ufficialmente inaugurato il nuovo Centro Culturale Italo Zambiano: una struttura multifunzionale che potr\u00e0 accogliere iniziative culturali e di promozione del Sistema Paese in differenti settori.<\/p>\n<p>Nel quadro del programma \u2018Vivere all\u2019italiana\u2019 l\u2019Ambasciata promuove da sempre varie iniziative culturali e di promozione integrate del Sistema Paese, come l\u2019annuale Settimana della Cucina Italiana.<\/p>\n<p>Per aggiornamenti seguitesi sui link social:<\/p>\n<p><a href=\"https:\/\/twitter.com\/ItalyinZambia\">https:\/\/twitter.com\/ItalyinZambia<\/a><\/p>\n<p><a href=\"https:\/\/www.facebook.com\/Amblusaka\">https:\/\/www.facebook.com\/Amblusaka<\/a><\/p>\n<p><a href=\"https:\/\/www.instagram.com\/italy_in_zambia\/\">https:\/\/www.instagram.com\/italy_in_zambia\/<\/a><\/p>\n<p><a href=\"https:\/\/www.youtube.com\/channel\/UCwbIgkwYFjiy3Xla4QxwkOw?view_as=subscriber\">https:\/\/www.youtube.com\/channel\/UCwbIgkwYFjiy3Xla4QxwkOw?view_as=subscriber<\/a><\/p>\n<p><strong>Studiare in Italia<\/strong><\/p>\n<p>Varie Universit\u00e0 nelle principali citt\u00e0 italiane offrono la possibilit\u00e0 agli studenti stranieri di seguire corsi di Laurea e Master in Inglese.<\/p>\n<p>Tutte le informazioni sulle iscrizioni e le modalit\u00e0 per le domande si trovano\u00a0 <a href=\"https:\/\/www.esteri.it\/it\/diplomazia-culturale-e-diplomazia-scientifica\/cultura\/universita\/\">QUI<\/a> (italiano)\u00a0e <a href=\"https:\/\/www.esteri.it\/en\/diplomazia-culturale-e-diplomazia-scientifica\/cultura\/universita\/\">QUI<\/a> (inglese)<\/p>\n<p>Gli Uffici Consolari dell\u2019Ambasciata offrono servizi\u00a0per l\u2019emissione del Certificato di Valore e assistenza relativa alle iscrizioni presso le Universit\u00e0 italiane.<\/p>\n<p><strong>Lingua e cultura italiana<\/strong><\/p>\n<p>L\u2019Ambasciata \u00e8 impegnata a promuovere la lingua e cultura italiane in Zambia e la collaborazione in ambito culturale con il governo zambiano. In questo ambito l\u2019Ambasciata collabora attivamente con la Scuola Italiana di Lusaka, il Centro Culturale Italo-Zambiano e il locale Comitato della Societ\u00e0 Dante Alighieri.<\/p>\n<p><strong>Scuola Italiana di Lusaka e Centro Culturale Italo-Zambiano<\/strong><\/p>\n<p>Il principale centro per l\u2019insegnamento della lingua italiana in Zambia \u00e8 la \u201c<a href=\"https:\/\/www.facebook.com\/p\/Italian-School-of-Lusaka-100067820344055\/\">Scuola Italiana di Lusaka \u2013 Edmondo De Amicis<\/a>\u201d,\u00a0 <a href=\"https:\/\/italianschool.sch.zm\/\">sito<\/a> . Essa \u00e8 infatti da oltre trent\u2019anni una presenza consolidata nel panorama educativo e culturale della citt\u00e0 di Lusaka, nonch\u00e9 un punto di riferimento per la promozione della lingua e della cultura italiana in tutto lo Zambia. La scuola \u00e8 stata fondata nel 1973 da un gruppo di connazionali residenti in Zambia, al fine di garantire ai figli dell\u2019allora numerosa comunit\u00e0 italiana una consona istruzione mediante il sostegno del governo italiano (che all\u2019epoca inviava insegnanti dall\u2019Italia per lo svolgimento dei corsi).<\/p>\n<p>Da marzo 2020, la scuola dispone di un rinomato centro culturale, il \u201c<a href=\"https:\/\/www.facebook.com\/ZICCLusaka\">Centro Culturale Italo-Zambiano<\/a>\u201d, costruito in posizione adiacente alla scuola e finanziato interamente dall\u2019Associazione che dirige l\u2019Istituto. La struttura consiste in un teatro con sala polivalente, in grado di ospitare 350 persone sedute e dotato di impianti audio-video all\u2019avanguardia di importazione italiana. Il centro ha la vocazione di promuovere la cultura italiana e di promuovere gli scambi con quella zambiana, per contribuire al rafforzamento delle relazioni bilaterali in un\u2019ottica di sistema ed in piena sinergia con l\u2019azione dell\u2019Ambasciata. Recentemente, il centro culturale sta anche diventando un riferimento a livello nazionale per l\u2019organizzazione di iniziative culturali locali ed internazionali ad ampio spettro.<\/p>\n<p>Sia la scuola che il centro culturale sono stati oggetto della visita ufficiale in Zambia del Signor Presidente della Repubblica Sergio Mattarella, tenutasi a luglio 2022.<\/p>\n<p>Per info: <a href=\"mailto:contact@italianschool.sch.zm\">contact@italianschool.sch.zm<\/a> (Scuola Italiana di Lusaka) o \u00a0<a href=\"mailto:zicc@italianschool.sch.zm\">zicc@italianschool.sch.zm<\/a> (Centro Culturale Italo-Zambiano)<\/p>\n<p><strong>Comitato di Lusaka della Societ\u00e0 Dante Alighieri<\/strong><\/p>\n<p>Il <a href=\"https:\/\/www.facebook.com\/DanteAlighieriZM\">Comitato di Lusaka della Societ\u00e0 Dante Alighieri<\/a>, con sede presso il Centro Culturale Italo-Zambiano, \u00e8 stato riattivato, dopo un periodo silente, nel giugno 2019. Il Comitato svolge attualmente un ruolo cruciale nell\u2019insegnamento della lingua italiana in Zambia organizzando a tal fine corsi per adulti, adolescenti e bambini.<\/p>\n<p><strong>Lingua italiana in Zambia (Certificazione Plida)<\/strong><\/p>\n<p>La Scuola Italiana di Lusaka \u00e8 inoltre l\u2019unico Ente Certificatore PLIDA (Progetto Lingua Italiana Dante Alighieri) in Zambia.<\/p>\n<p>La certificazione Plida attesta la conoscenza della lingua sulla base dei sei livelli stabiliti dal quadro comune europeo di riferimento per la conoscenza delle lingue straniere. Tale certificazione e\u2019 riconosciuta dal Ministero degli Affari Esteri Italiano e ha valore internazionale.<\/p>\n<p>Il Centro ha programmi sia per adulti che per Juniores (13-18 anni), e chiunque pu\u00f2 candidarsi agli esami da ogni parte dello Zambia senza nessun obbligo di frequenza.<\/p>\n<p>Per info: <a href=\"mailto:ladantelusaka@gmail.com\">ladantelusaka@gmail.com<\/a><\/p>\n<p>Approfondimenti<\/p>\n<ul>\n<li><a href=\"https:\/\/www.dante.global\/en\/certifications\/plida-certification\">Certificazione PLIDA<\/a><\/li>\n<\/ul>\n<p>&nbsp;<\/p>\n<p><strong>Move on Zambia<\/strong><\/p>\n<p>Move on Zambia \u00e8 la linea portante della presenza diplomatica italiana in Zambia. Coniugando la cultura e le arti con la protezione dell\u2019ambiente e la lotta ai cambiamenti climatici, Move On intende proporre una nuova forma di collaborazione tra diplomazia, popolazione locale e governo.<\/p>\n<p><strong>AMBIENTE<\/strong><\/p>\n<p>MOVE ON AMBIENTE \u00e8 nato come <strong>un Indaba ambientale, o conferenza, in cui i principali attori nella lotta contro il degrado ambientale e il cambiamento climatico si riuniscono e discutono una via comune da seguire<\/strong>: come superare l\u2019attuale fase di deforestazione, di inquinamento dell\u2019aria e dell\u2019acqua, di cattiva gestione dei rifiuti, di perdita di fauna selvatica, ecc.<\/p>\n<p>Oltre alle organizzazioni ambientaliste, il progetto coinvolge i partner nazionali e internazionali, il governo dello Zambia, le sue istituzioni e le agenzie competenti, nonch\u00e9 il settore privato, in una discussione su come unirsi per risolvere i problemi pi\u00f9 urgenti che affliggono l\u2019ambiente in Zambia.<\/p>\n<p>Nel 2024 l&#8217;<strong>Ambasciata d&#8217;Italia a Lusaka<\/strong>, insieme al <strong>Comune di Lusaka<\/strong>, ha lanciato la campagna ambientale <strong>&#8220;Waste no Waste, Trash is Treasure&#8221; 2024<\/strong>. L&#8217;iniziativa fa parte di Move On Zambia 2024 e nasce dalla prima Indaba ambientale organizzata dall&#8217;Ambasciata d&#8217;Italia il 5 ottobre 2023. Questa ha compreso una serie di attivit\u00e0 volte a sensibilizzare e creare un movimento positivo all&#8217;interno della citt\u00e0 di Lusaka:<\/p>\n<ol>\n<li><strong>42<\/strong><strong> bidoni di metallo sono stati \u201cadottati\u201d da importanti enti\/personalit\u00e0 locali e internazionali<\/strong>. Sono stati marcati con il logo della societ\u00e0 che li ha adottati e saranno ora collocati in punti strategici della citt\u00e0, in gruppi di tre, per favorire la separazione. I luoghi sono stati scelti dal Consiglio comunale di Lusaka (tramite la Lusaka Integrated Solid Waste Management Company), in base alle rotte giornaliere di raccolta dei rifiuti.<\/li>\n<li>Quattordici bidoni di metallo, donati da <strong>Dangote Cement<\/strong>, sono stati dipinti da importanti artisti zambiani e messi all&#8217;asta lo scorso giugno in occasione di un evento organizzato dall&#8217;Ambasciata d&#8217;Italia presso il Museo Nazionale di Lusaka. Sono stati raccolti 62.000 kwacha zambiani per finanziare la campagna di pulizia nella baraccopoli di Bauleni.<\/li>\n<li><strong>Il 5 ottobre 2024, avr\u00e0 luogo a Bauleni una campagna di pulizia<\/strong>. Abbiamo scelto questa zona densamente popolata della citt\u00e0 perch\u00e9 \u00e8 stata una delle zone pi\u00f9 colpite dall&#8217;epidemia di colera nei primi mesi del 2024. Non possiamo evitare un&#8217;altra epidemia di questo tipo, ma possiamo almeno fare uno sforzo per mitigarne gli effetti liberando il sistema di drenaggio. <strong>Nemchem International<\/strong> ha gentilmente accettato di donare tutte le attrezzature sanitarie necessarie.<\/li>\n<\/ol>\n<p>Mentre concludiamo la fase 1 di questo progetto, stiamo gi\u00e0 pianificando la <strong>fase 2<\/strong> che si svolger\u00e0 nel <strong>2025<\/strong> e mirer\u00e0 a coinvolgere le <strong>scuole di Lusaka<\/strong>. Ogni scuola privata che desidera partecipare acquisir\u00e0 diversi fusti (bidoni) di olio da dipingere dai propri studenti.\u00a0 I bidoni dipinti saranno poi messi all&#8217;asta tra la comunit\u00e0 scolastica per generare i fondi necessari per la loro installazione in giro per la citt\u00e0.<\/p>\n<p><strong>MUSICA<\/strong><\/p>\n<p>Il Festival MUSICA si svolge in sincronia con il convegno AMBIENTE. Il suo scopo \u00e8 stimolare la partnership e la cooperazione attraverso la musica, fornendo allo stesso tempo un\u2019opportunit\u00e0 esclusiva per i nostri partner di <strong>intrattenersi e socializzare<\/strong>, stabilire nuovi contatti ed <strong>esplorare nuove idee<\/strong>. Alcuni dei pi\u00f9 straordinari musicisti italiani, zambiani e zimbabwani collaboreranno sul palco e incanteranno il pubblico con le loro <strong>esibizioni su un palco dedicato del Centro Culturale Italo-Zambiano.<\/strong><\/p>\n","protected":false},"excerpt":{"rendered":"Nata negli anni 70 grazie ad un comitato di Italiani riuniti nell\u2019associazione \u201cZambian Italian Cultural Centre Trust\u201d, la Scuola Italiana di Lusaka continua ancor oggi a vivere con pi\u00f9 di 400 alunni quale scuola internazionale privata. Nel giugno 2019 si \u00e8 ricostituita la Societ\u00e0 Dante Alighieri per la promozione e la diffusione della Lingua Italiana [&hellip;]","protected":false},"author":1,"featured_media":0,"parent":14,"menu_order":2,"comment_status":"closed","ping_status":"closed","template":"","meta":{"footnotes":""},"class_list":["post-44","page","type-page","status-publish","hentry"],"_links":{"self":[{"href":"https:\/\/amblusaka.esteri.it\/it\/wp-json\/wp\/v2\/pages\/44","targetHints":{"allow":["GET"]}}],"collection":[{"href":"https:\/\/amblusaka.esteri.it\/it\/wp-json\/wp\/v2\/pages"}],"about":[{"href":"https:\/\/amblusaka.esteri.it\/it\/wp-json\/wp\/v2\/types\/page"}],"author":[{"embeddable":true,"href":"https:\/\/amblusaka.esteri.it\/it\/wp-json\/wp\/v2\/users\/1"}],"replies":[{"embeddable":true,"href":"https:\/\/amblusaka.esteri.it\/it\/wp-json\/wp\/v2\/comments?post=44"}],"version-history":[{"count":3,"href":"https:\/\/amblusaka.esteri.it\/it\/wp-json\/wp\/v2\/pages\/44\/revisions"}],"predecessor-version":[{"id":2367,"href":"https:\/\/amblusaka.esteri.it\/it\/wp-json\/wp\/v2\/pages\/44\/revisions\/2367"}],"up":[{"embeddable":true,"href":"https:\/\/amblusaka.esteri.it\/it\/wp-json\/wp\/v2\/pages\/14"}],"wp:attachment":[{"href":"https:\/\/amblusaka.esteri.it\/it\/wp-json\/wp\/v2\/media?parent=44"}],"curies":[{"name":"wp","href":"https:\/\/api.w.org\/{rel}","templated":true}]}}