{"id":3378,"date":"2025-07-10T14:00:56","date_gmt":"2025-07-10T12:00:56","guid":{"rendered":"https:\/\/amblusaka.esteri.it\/?page_id=3378"},"modified":"2025-07-10T14:00:56","modified_gmt":"2025-07-10T12:00:56","slug":"move-on-moda-2025","status":"publish","type":"page","link":"https:\/\/amblusaka.esteri.it\/it\/italia-e-zambia\/diplomazia-culturale\/move-on-zambia\/move-on-moda-2025\/","title":{"rendered":"MOVE ON MODA 2025"},"content":{"rendered":"<p>Per la prima volta quest&#8217;anno, il Move On Festival aggiunger\u00e0 una nuova dimensione: <span style=\"text-decoration: underline;\">la Moda.<\/span><\/p>\n<p>La moda italiana influenza il mondo ed \u00e8 per questo che MOVE ON MODA metter\u00e0 a vostra disposizione l&#8217;esperienza di una stilista italiana profondamente radicata nelle pratiche di moda sostenibile: Valentina Sardella, fondatrice di Pezzeculiar.<\/p>\n<h5><\/h5>\n<h5><img loading=\"lazy\" decoding=\"async\" class=\"img-fluid alignnone wp-image-3253 size-full\" src=\"https:\/\/amblusaka.esteri.it\/wp-content\/uploads\/2025\/06\/Call_Land.jpg\" alt=\"\" width=\"1920\" height=\"1079\" srcset=\"https:\/\/amblusaka.esteri.it\/wp-content\/uploads\/2025\/06\/Call_Land.jpg 1920w, https:\/\/amblusaka.esteri.it\/wp-content\/uploads\/2025\/06\/Call_Land-300x169.jpg 300w, https:\/\/amblusaka.esteri.it\/wp-content\/uploads\/2025\/06\/Call_Land-1024x575.jpg 1024w, https:\/\/amblusaka.esteri.it\/wp-content\/uploads\/2025\/06\/Call_Land-768x432.jpg 768w\" sizes=\"auto, (max-width: 1920px) 100vw, 1920px\" \/><\/h5>\n<h5>Obiettivo<\/h5>\n<p>Progettare e produrre una collezione di moda sostenibile realizzata con materiali di riciclo creativo, coinvolgendo 5 aspiranti stilisti zambiani attraverso una residenza creativa di un mese. I candidati saranno selezionati attraverso il concorso Zambian Fashion Revolution Contest 2025. Il nostro obiettivo \u00e8 offrire uno spazio alla creativit\u00e0 e all&#8217;innovazione locali, incoraggiando al contempo le partnership tra stilisti italiani e zambiani.<br \/>\nContesto<br \/>\nL&#8217;Italia \u00e8 leader mondiale nella moda sostenibile. L&#8217;economia circolare, la gestione dei rifiuti, l&#8217;approvvigionamento responsabile e una filiera produttiva etica sono tutti fattori chiave dell&#8217;industria della moda italiana.<\/p>\n<p>Con la crescente consapevolezza dei problemi ambientali ed etici in Zambia, la sostenibilit\u00e0 sta emergendo come componente chiave del suo settore della moda. Gli elementi chiave includono:<br \/>\n1. <strong>Dominanza del mercato dell&#8217;usato:<\/strong> lo Zambia ha un fiorente mercato dell&#8217;abbigliamento di seconda mano, localmente noto come &#8220;salaula&#8221;. Sebbene offra opzioni di abbigliamento a prezzi accessibili, solleva preoccupazioni circa l&#8217;impatto ambientale dei rifiuti importati e il loro effetto sull&#8217;industria tessile locale.<br \/>\n2. <strong>Artigianato tradizionale:<\/strong> lo Zambia vanta una ricca tradizione nella produzione tessile e nelle tecniche tradizionali, come la tessitura, la tintura e il ricamo. Queste competenze offrono opportunit\u00e0 per integrare pratiche sostenibili con le tradizioni culturali.<br \/>\n3. <strong>Coinvolgimento dei giovani:<\/strong> giovani designer e studenti zambiani stanno esplorando sempre pi\u00f9 l&#8217;upcycling, la produzione etica e l&#8217;approvvigionamento locale come risposta alle tendenze globali e alle sfide ambientali.<br \/>\n4. <strong>Impegno di advocacy:<\/strong> organizzazioni come Fashion Revolution Zambia promuovono la trasparenza, le pratiche etiche e la sostenibilit\u00e0, incoraggiando sia i consumatori che i designer a riconsiderare l&#8217;impatto negativo del fast fashion.<\/p>\n<p>Lo Zambia ha quindi il potenziale per posizionarsi come leader nella moda sostenibile e circolare in Africa. L&#8217;upcycling pu\u00f2 trasformare i rifiuti in prodotti di valore, riducendo l&#8217;inquinamento ambientale e il carico di discarica.<\/p>\n<p>Inoltre, il progetto mira a rivitalizzare l&#8217;artigianato locale integrando tecniche tradizionali come la tessitura e la tintura in design moderni e di riciclo creativo. Questo sostiene la conservazione culturale e al contempo crea nuovi mercati per i prodotti artigianali locali.<\/p>\n<h5><\/h5>\n<h5><\/h5>\n<h5><\/h5>\n<h5>In cosa consiste il progetto?<\/h5>\n<p>1. Residenza di un mese con Valentina Sardella (settembre 2025)<br \/>\nProcesso di selezione:<br \/>\n\u2022 Bando aperto per candidature di stilisti zambiani di et\u00e0 compresa tra 18 e 30 anni. Qui il <em><span style=\"text-decoration: underline;\"><strong><a href=\"https:\/\/amblusaka.esteri.it\/en\/italia-e-zambia\/diplomazia-culturale\/move-on-zambia-2\/zambian-fashion-revolution-contest-2025\/\">link<\/a><\/strong><\/span><\/em> al concorso<br \/>\n\u2022 Selezione da parte di una giuria professionale composta da importanti esperti zambiani e internazionali, che possiedono una combinazione di conoscenze tecniche, consapevolezza culturale e un forte impegno per pratiche di moda sostenibili.<\/p>\n<p>Ruoli degli studenti:<br \/>\n\u2022 Collaborare con lo stilista italiano (con il coinvolgimento anche di stilisti locali professionisti) per creare una capsule collection.<\/p>\n<p>2. Presentazione e celebrazione<br \/>\nPresentazione finale:<br \/>\n\u2022 La capsule collection verr\u00e0 presentata in occasione di una sfilata di moda che si terr\u00e0 il 27 settembre presso lo Zambian-Italian Cultural Centre. L&#8217;evento presenter\u00e0 la collezione upcycled e i capi vincitori del concorso.<\/p>\n<p>I nostri partner sono:<br \/>\n\u2022 Fashion Revolution Zambia<br \/>\n\u2022 Pezzeculiar<br \/>\n\u2022 Ku-Atenga Media<br \/>\n\u2022 Pr Girl Media<br \/>\n\u2022 Ragged Different<\/p>\n","protected":false},"excerpt":{"rendered":"Per la prima volta quest&#8217;anno, il Move On Festival aggiunger\u00e0 una nuova dimensione: la Moda. La moda italiana influenza il mondo ed \u00e8 per questo che MOVE ON MODA metter\u00e0 a vostra disposizione l&#8217;esperienza di una stilista italiana profondamente radicata nelle pratiche di moda sostenibile: Valentina Sardella, fondatrice di Pezzeculiar. Obiettivo Progettare e produrre una [&hellip;]","protected":false},"author":5,"featured_media":0,"parent":1825,"menu_order":3,"comment_status":"closed","ping_status":"closed","template":"","meta":{"footnotes":""},"class_list":["post-3378","page","type-page","status-publish","hentry"],"_links":{"self":[{"href":"https:\/\/amblusaka.esteri.it\/it\/wp-json\/wp\/v2\/pages\/3378","targetHints":{"allow":["GET"]}}],"collection":[{"href":"https:\/\/amblusaka.esteri.it\/it\/wp-json\/wp\/v2\/pages"}],"about":[{"href":"https:\/\/amblusaka.esteri.it\/it\/wp-json\/wp\/v2\/types\/page"}],"author":[{"embeddable":true,"href":"https:\/\/amblusaka.esteri.it\/it\/wp-json\/wp\/v2\/users\/5"}],"replies":[{"embeddable":true,"href":"https:\/\/amblusaka.esteri.it\/it\/wp-json\/wp\/v2\/comments?post=3378"}],"version-history":[{"count":1,"href":"https:\/\/amblusaka.esteri.it\/it\/wp-json\/wp\/v2\/pages\/3378\/revisions"}],"predecessor-version":[{"id":3380,"href":"https:\/\/amblusaka.esteri.it\/it\/wp-json\/wp\/v2\/pages\/3378\/revisions\/3380"}],"up":[{"embeddable":true,"href":"https:\/\/amblusaka.esteri.it\/it\/wp-json\/wp\/v2\/pages\/1825"}],"wp:attachment":[{"href":"https:\/\/amblusaka.esteri.it\/it\/wp-json\/wp\/v2\/media?parent=3378"}],"curies":[{"name":"wp","href":"https:\/\/api.w.org\/{rel}","templated":true}]}}