{"id":3368,"date":"2025-07-10T13:53:19","date_gmt":"2025-07-10T11:53:19","guid":{"rendered":"https:\/\/amblusaka.esteri.it\/?page_id=3368"},"modified":"2025-07-10T13:53:19","modified_gmt":"2025-07-10T11:53:19","slug":"move-on-musica-2025","status":"publish","type":"page","link":"https:\/\/amblusaka.esteri.it\/it\/italia-e-zambia\/diplomazia-culturale\/move-on-zambia\/move-on-musica-2025\/","title":{"rendered":"MOVE ON MUSICA 2025"},"content":{"rendered":"<p>&#8220;MOVE ON ZAMBIA \u2013 MUSICA&#8221; \u00e8 un festival internazionale annuale che vede la partecipazione di numerose band di spicco provenienti da Italia, Zambia e altri paesi africani ed europei. Fa parte del ricco programma culturale dell&#8217;Ambasciata d&#8217;Italia, progettato per favorire relazioni pi\u00f9 solide, comprensione reciproca e cooperazione attraverso la cultura. Crediamo che il talento artistico sia fondamentale per lo sviluppo di una nazione, per la preservazione della sua identit\u00e0 e delle sue tradizioni, nonch\u00e9 per un sano ambiente politico ed economico. L&#8217;obiettivo \u00e8 simboleggiare la collaborazione e la cooperazione attraverso la musica, offrendo al contempo ai nostri partner un&#8217;opportunit\u00e0 esclusiva di intrattenimento e socializzazione, di creare nuovi contatti e di esplorare nuove idee.<\/p>\n<p>&nbsp;<\/p>\n<p><img loading=\"lazy\" decoding=\"async\" class=\"img-fluid alignnone wp-image-3371 size-full\" src=\"https:\/\/amblusaka.esteri.it\/wp-content\/uploads\/2025\/07\/473722351_122225943740026202_7406268527218139646_n.jpg\" alt=\"\" width=\"1920\" height=\"1098\" srcset=\"https:\/\/amblusaka.esteri.it\/wp-content\/uploads\/2025\/07\/473722351_122225943740026202_7406268527218139646_n.jpg 1920w, https:\/\/amblusaka.esteri.it\/wp-content\/uploads\/2025\/07\/473722351_122225943740026202_7406268527218139646_n-300x172.jpg 300w, https:\/\/amblusaka.esteri.it\/wp-content\/uploads\/2025\/07\/473722351_122225943740026202_7406268527218139646_n-1024x586.jpg 1024w, https:\/\/amblusaka.esteri.it\/wp-content\/uploads\/2025\/07\/473722351_122225943740026202_7406268527218139646_n-768x439.jpg 768w\" sizes=\"auto, (max-width: 1920px) 100vw, 1920px\" \/><\/p>\n","protected":false},"excerpt":{"rendered":"&#8220;MOVE ON ZAMBIA \u2013 MUSICA&#8221; \u00e8 un festival internazionale annuale che vede la partecipazione di numerose band di spicco provenienti da Italia, Zambia e altri paesi africani ed europei. Fa parte del ricco programma culturale dell&#8217;Ambasciata d&#8217;Italia, progettato per favorire relazioni pi\u00f9 solide, comprensione reciproca e cooperazione attraverso la cultura. Crediamo che il talento artistico [&hellip;]","protected":false},"author":5,"featured_media":0,"parent":1825,"menu_order":2,"comment_status":"closed","ping_status":"closed","template":"","meta":{"footnotes":""},"class_list":["post-3368","page","type-page","status-publish","hentry"],"_links":{"self":[{"href":"https:\/\/amblusaka.esteri.it\/it\/wp-json\/wp\/v2\/pages\/3368","targetHints":{"allow":["GET"]}}],"collection":[{"href":"https:\/\/amblusaka.esteri.it\/it\/wp-json\/wp\/v2\/pages"}],"about":[{"href":"https:\/\/amblusaka.esteri.it\/it\/wp-json\/wp\/v2\/types\/page"}],"author":[{"embeddable":true,"href":"https:\/\/amblusaka.esteri.it\/it\/wp-json\/wp\/v2\/users\/5"}],"replies":[{"embeddable":true,"href":"https:\/\/amblusaka.esteri.it\/it\/wp-json\/wp\/v2\/comments?post=3368"}],"version-history":[{"count":1,"href":"https:\/\/amblusaka.esteri.it\/it\/wp-json\/wp\/v2\/pages\/3368\/revisions"}],"predecessor-version":[{"id":3372,"href":"https:\/\/amblusaka.esteri.it\/it\/wp-json\/wp\/v2\/pages\/3368\/revisions\/3372"}],"up":[{"embeddable":true,"href":"https:\/\/amblusaka.esteri.it\/it\/wp-json\/wp\/v2\/pages\/1825"}],"wp:attachment":[{"href":"https:\/\/amblusaka.esteri.it\/it\/wp-json\/wp\/v2\/media?parent=3368"}],"curies":[{"name":"wp","href":"https:\/\/api.w.org\/{rel}","templated":true}]}}