{"id":3355,"date":"2025-07-10T13:46:29","date_gmt":"2025-07-10T11:46:29","guid":{"rendered":"https:\/\/amblusaka.esteri.it\/?page_id=3355"},"modified":"2025-07-10T13:46:55","modified_gmt":"2025-07-10T11:46:55","slug":"move-on-ambiente-2025","status":"publish","type":"page","link":"https:\/\/amblusaka.esteri.it\/it\/italia-e-zambia\/diplomazia-culturale\/move-on-zambia\/move-on-ambiente-2025\/","title":{"rendered":"MOVE ON AMBIENTE 2025"},"content":{"rendered":"<h2>MOVE ON AMBIENTE 2025<\/h2>\n<h3>Campagna Waste No Waste, Trash is Treasure<\/h3>\n<p>&nbsp;<\/p>\n<p>Le strade di Lusaka sono disseminate di rifiuti, le grondaie ostruite. L&#8217;inadeguatezza della raccolta differenziata e la quasi totale assenza di raccolta differenziata e riciclaggio sono alcune delle cause principali delle frequenti epidemie di colera che colpiscono la citt\u00e0.<br \/>\n&#8220;Waste No Waste, Trash is Treasure&#8221; \u00e8 un movimento nato nel 2024. Mira a promuovere, attraverso l&#8217;educazione, un cambiamento culturale necessario per raggiungere una corretta gestione dei rifiuti solidi a Lusaka (e in Zambia in generale). Iniziative implementate con successo:<br \/>\na) Raccolta e installazione di cassonetti: 42 fusti di petrolio sono stati installati in gruppi di tre in punti strategici di Lusaka. Il Consiglio Comunale di Lusaka, tramite la Lusaka Integrated Waste Management Company, ha autorizzato l&#8217;installazione e si \u00e8 impegnato a gestire la raccolta dei rifiuti dai cassonetti installati.<br \/>\nb) Campagna di pulizia: oltre 300 persone hanno partecipato alla campagna di pulizia che si \u00e8 svolta a Bauleni il 5 ottobre 2024. Ci\u00f2 ha contribuito a sensibilizzare i residenti sull&#8217;importanza della gestione dei rifiuti e sulla campagna stessa.<\/p>\n<p>&nbsp;<\/p>\n<p><img loading=\"lazy\" decoding=\"async\" class=\"img-fluid alignnone wp-image-3345 size-full\" src=\"https:\/\/amblusaka.esteri.it\/wp-content\/uploads\/2025\/07\/ZWD_0378.jpg\" alt=\"\" width=\"1920\" height=\"1281\" srcset=\"https:\/\/amblusaka.esteri.it\/wp-content\/uploads\/2025\/07\/ZWD_0378.jpg 1920w, https:\/\/amblusaka.esteri.it\/wp-content\/uploads\/2025\/07\/ZWD_0378-300x200.jpg 300w, https:\/\/amblusaka.esteri.it\/wp-content\/uploads\/2025\/07\/ZWD_0378-1024x683.jpg 1024w, https:\/\/amblusaka.esteri.it\/wp-content\/uploads\/2025\/07\/ZWD_0378-768x512.jpg 768w\" sizes=\"auto, (max-width: 1920px) 100vw, 1920px\" \/><\/p>\n<h3>Prossimi passi (2025):<\/h3>\n<p>Nel 2025, i protagonisti saranno gli studenti. Le generazioni future sono fondamentali per cambiare l&#8217;atteggiamento della societ\u00e0 nei confronti dell&#8217;abbandono dei rifiuti, della raccolta differenziata e del consumo di materiali nocivi. Le attivit\u00e0 di quest&#8217;anno sono realizzate da 6 scuole internazionali: il Lyce\u00e9 Fran\u00e7ais de Lusaka, la Scuola Italiana di Lusaka, la Scuola Internazionale di Lusaka, il Baobab College, la Scuola Americana di Lusaka e la Lusaka International Community School (LICS).<\/p>\n<p>Durante il lancio ufficiale, l&#8217;8 aprile 2025, ogni scuola ha definito il proprio calendario di attivit\u00e0 da includere nella campagna. Queste spaziano da progetti artistici a soluzioni scientifiche e pratiche su come gestire i rifiuti solidi. Idealmente, tali attivit\u00e0 dovrebbero generare fondi per sostenere il progetto ambientale o l&#8217;iniziativa di pulizia che si svolger\u00e0 alla fine della campagna 2025.<\/p>\n","protected":false},"excerpt":{"rendered":"MOVE ON AMBIENTE 2025 Campagna Waste No Waste, Trash is Treasure &nbsp; Le strade di Lusaka sono disseminate di rifiuti, le grondaie ostruite. L&#8217;inadeguatezza della raccolta differenziata e la quasi totale assenza di raccolta differenziata e riciclaggio sono alcune delle cause principali delle frequenti epidemie di colera che colpiscono la citt\u00e0. &#8220;Waste No Waste, Trash [&hellip;]","protected":false},"author":5,"featured_media":0,"parent":1825,"menu_order":0,"comment_status":"closed","ping_status":"closed","template":"","meta":{"footnotes":""},"class_list":["post-3355","page","type-page","status-publish","hentry"],"_links":{"self":[{"href":"https:\/\/amblusaka.esteri.it\/it\/wp-json\/wp\/v2\/pages\/3355","targetHints":{"allow":["GET"]}}],"collection":[{"href":"https:\/\/amblusaka.esteri.it\/it\/wp-json\/wp\/v2\/pages"}],"about":[{"href":"https:\/\/amblusaka.esteri.it\/it\/wp-json\/wp\/v2\/types\/page"}],"author":[{"embeddable":true,"href":"https:\/\/amblusaka.esteri.it\/it\/wp-json\/wp\/v2\/users\/5"}],"replies":[{"embeddable":true,"href":"https:\/\/amblusaka.esteri.it\/it\/wp-json\/wp\/v2\/comments?post=3355"}],"version-history":[{"count":2,"href":"https:\/\/amblusaka.esteri.it\/it\/wp-json\/wp\/v2\/pages\/3355\/revisions"}],"predecessor-version":[{"id":3359,"href":"https:\/\/amblusaka.esteri.it\/it\/wp-json\/wp\/v2\/pages\/3355\/revisions\/3359"}],"up":[{"embeddable":true,"href":"https:\/\/amblusaka.esteri.it\/it\/wp-json\/wp\/v2\/pages\/1825"}],"wp:attachment":[{"href":"https:\/\/amblusaka.esteri.it\/it\/wp-json\/wp\/v2\/media?parent=3355"}],"curies":[{"name":"wp","href":"https:\/\/api.w.org\/{rel}","templated":true}]}}