{"id":2241,"date":"2024-09-18T14:31:01","date_gmt":"2024-09-18T12:31:01","guid":{"rendered":"https:\/\/amblusaka.esteri.it\/?page_id=2241"},"modified":"2024-12-31T08:38:25","modified_gmt":"2024-12-31T06:38:25","slug":"cooperazione-allo-sviluppo","status":"publish","type":"page","link":"https:\/\/amblusaka.esteri.it\/it\/italia-e-malawi\/cooperazione-allo-sviluppo\/","title":{"rendered":"Cooperazione allo sviluppo"},"content":{"rendered":"<p>Nel nuovo Documento triennale di programmazione e indirizzo in fase di approvazione, il Malawi sar\u00e0 incluso nel novero dei <strong>Paesi prioritari per la cooperazione allo sviluppo<\/strong> italiana. I pilastri delle future attivit\u00e0 di cooperazione riguardano l\u2019<strong>agro-alimentare <\/strong>e lo <strong>sviluppo dei servizi di base<\/strong> e la gestione delle <strong>risorse naturali in un\u2019ottica di protezione ambientale<\/strong>. Nel primo caso, i progetti si concentreranno, da un lato, su irrigazione, caffe, cereali, leguminose e orticoltura, formazione tecnico-professionale e digitalizzazione; dall\u2019altro, sull\u2019accesso ai servizi sanitari, educativi e di nutrizione. Per quanto concerne il secondo pilastro, le iniziative riguarderanno la gestione delle risorse idriche e forestali. Qui di seguito, un elenco delle principali ONG e OSC italiane attive in Malawi:<\/p>\n<p><a href=\"https:\/\/www.alleluya.org\/it\/index.php\"><strong>Alleluya Care Centre<\/strong><\/a><\/p>\n<p>Fondata nel 2003 a Namwera da Rita Milesi, l&#8217;Alleluya Care Centre accoglie con bambini dai 0 ai 3 anni, fornendo loro cibo e cure mediche nel distretto di Mangoghi. La struttura offre un rifugio sicuro soprattutto per i minori che sono stati lasciati dai loro familiari a causa di difficolt\u00e0 economiche. I progetti si focalizzano sulla sussistenza dell\u2019orfanotrofio e dell\u2019asilo attraverso donazioni private e sostegno a distanza.<\/p>\n<p><a href=\"https:\/\/www.amicideipopoli.org\/11566-2\/\"><strong>Amici dei Popoli &#8211; ADP<\/strong><\/a><\/p>\n<p>Fondata nel 1974 come Amici del Rwanda, l&#8217;organizzazione si \u00e8 estesa a diversi stati africani, incluso il Malawi dal 2018, concentrandosi principalmente nella regione di Bakaka. La sua missione \u00e8 quella di promuovere lo sviluppo sostenibile e il benessere delle comunit\u00e0 locali. Il progetto attualmente attivo \u00e8 quello dei Caschi Bianchi per l\u2019inclusione delle persone fragili in Camerun, Repubblica Democratica del Congo, Malawi, Etiopia \u2013 2024 . La OSC si sostenta grazie a fondi private, al Dipartimento delle politiche giovanili e al Servizio Civile Universale.<\/p>\n<p><a href=\"https:\/\/www.africawildtruck.com\/it\/around_awt\/\"><strong>Around AWT ODV<\/strong><\/a><\/p>\n<p>Attiva nella regione di Mulanje, Around AWT ODV si dedica alla gestione della scuola elementare di Nswadzi, contribuendo alla promozione dell&#8217;istruzione e allo sviluppo della giovent\u00f9 locale. I fondi principali si basano su donazioni private e con il 5 x 1000.<\/p>\n<p><a href=\"https:\/\/www.developmentaid.org\/organizations\/view\/231492\/cbm-christian-blind-mission-malawi\"><strong>Christian Blind Mission \u2013 CBM<\/strong><\/a><\/p>\n<p>Opera in diversi distretti del Malawi, fornendo assistenza nell&#8217;ambito della salute e si occupa in generale di temi legali alla disabilit\u00e0 visiva. Attualmente hanno attivo un progetto promosso AICS-AID\/012590\/09\/9 &#8220;SMART CLIMATE: Sustainable Malawian agriculture to enhance resilience to climate change\u201d (CISP capofila).<\/p>\n<p><a href=\"https:\/\/www.developmentofpeoples.org\/\"><strong>CISP &#8211; Comitato Internazionale per lo Sviluppo dei Popoli<\/strong><\/a><\/p>\n<p>Specializzata nell\u2019ambito dell&#8217;agricoltura sostenibile, contribuendo alla sicurezza alimentare e allo sviluppo economico delle comunit\u00e0 rurali malawiane. Attualmente hanno attivo un progetto promosso AICS-AID\/012590\/09\/9 \u201cSMART CLIMATE: Sustainable Malawian agriculture to enhance resilience to climate change\u201d.<\/p>\n<p><a href=\"https:\/\/www.dream-health.org\/dove-siamo\/malawi\/\"><strong>Comunit\u00e0 di Sant\u2019Egidio &#8211; ACAP<\/strong><\/a><\/p>\n<p>Fondata a Roma nel 1968, la Comunit\u00e0 di Sant\u2019Egidio opera in varie aree del Malawi, concentrando i suoi sforzi su progetti volti a ridurre le disparit\u00e0 di genere nell&#8217;assistenza all&#8217;HIV\/TB, migliorare l&#8217;accesso ai servizi sanitari e promuovere l&#8217;educazione e i diritti civili. In questo momento hanno attivo il progetto finanziato dal Fondo Globale AID. 12349\/04\/1 \u201cBridge the Gap: ridurre la disparit\u00e0 di genere nella lotta all\u2019HIV\/TB in Malawi\u201d dove sono i capifila nel Distretto di Balaka; Mangochi; Machinga; in partenariato con la Scuola Superiore Sant\u2019Anna, Malawiano Peace and Development Trust (PD Trust) e il District Health Office di Balaka.<\/p>\n<p><a href=\"https:\/\/www.coopi.org\/it\/paese\/malawi.html\"><strong>COOPI (Cooperazione Internazionale)<\/strong><\/a><\/p>\n<p>COOPI si impegna nell&#8217;agricoltura, nello sviluppo rurale e nella sicurezza alimentare in diverse aree del Malawi, lavorando per migliorare le condizioni di vita delle comunit\u00e0 agricole e promuovere la sostenibilit\u00e0 ambientale. Da ultimo aggiornamento (gennaio 2024) non hanno attivit\u00e0 in Malawi, ma solo rappresentanza istituzionale. Stanno valutando, per il 2024, di riprendere le attivit\u00e0 sul terreno, anche per rispondere a emergenze umanitarie.<\/p>\n<p><a href=\"https:\/\/fmsi.ngo\/progetti\/#progetti\"><strong>Fondazione Marista per la Solidariet\u00e0 Internazionale<\/strong><\/a><\/p>\n<p>La Fondazione Marista per la Solidariet\u00e0 Internazionale si impegna a garantire migliori condizioni di vita per i bambini e gli adolescenti in varie regioni del Malawi, concentrandosi sull&#8217;accesso equo all&#8217;istruzione di qualit\u00e0. I progetti si sostentano grazie a donazioni private e sostegno a distanza.<\/p>\n<p><strong><a href=\"https:\/\/www.dapp-malawi.org\/where-we-work\/where-we-work\">Humana People to People<\/a> <\/strong><\/p>\n<p>Si impegna nell&#8217;infanzia, con particolare attenzione alla nutrizione, e nello sviluppo comunitario in varie regioni del Malawi, si occupa anche di istruzione e formazione professionale, agricoltura, sviluppo rurale e sicurezza alimentare, nonch\u00e9 di salute, con un focus su HIV\/AIDS, malaria e tubercolosi. Opera attraverso DAPP Malawi (Blantyre), fornendo assistenza e supporto alle comunit\u00e0 locali.<\/p>\n<p><a href=\"https:\/\/www.ilmondodilalla.it\/2022\/10\/18\/costruzione-del-villaggio-di-lalla\/\"><strong>MONDO DI LALLA<\/strong><\/a><\/p>\n<p>L\u2019associazione \u00e8 stata costituita dai genitori di Lavinia, bambina morta a 7 anni, in modo da dare speranza di una vita migliore a centinaia di bambini in Malawi. Opera nel Distretto di Thyolo i progetti attivi (Villaggio di Gumbi; nursery school, mensa, pozzo e serbatoio, presidio medico, allevamento di galline ovaiole, area ludico-sportiva in collaborazione con \u201cAfricasottosopra\u201d e \u00a0\u201cCucciolo aiuta i bambini nel mondo\u201d) sono sostenuti da donatori privati.<\/p>\n<p><a href=\"https:\/\/www.oxfam.org\/en\/what-we-do\/countries\/malawi\"><strong>OXFAM Malawi<\/strong><\/a><\/p>\n<p>OXFAM si impegna nello sviluppo urbano, nella promozione di genere e nella riduzione del rischio di disastri nel Malawi, contribuendo cos\u00ec a migliorare le condizioni di vita delle comunit\u00e0 vulnerabili. In questo momento Oxfam Malawi non riceve fondi da AICS, ma ha un progetto finanziato dall\u2019Adaptation Fund in partnership con UN Habitat dove interviene in Madagascar, Malawi, Mozambico e Isole Comore. Gli obiettivi principali del programma sono: sviluppare le capacit\u00e0 e stabilire le condizioni per l\u2019adattamento agli effetti negativi dei cambiamenti climatici nelle citt\u00e0 pi\u00f9 vulnerabili del Madagascar, del Malawi, del Mozambico e dell\u2019Unione delle Comore; promuovere la condivisione di esperienze tra paesi per quanto riguarda l\u2019adattamento ai rischi legati al clima e diffondere le lezioni apprese per costruire progressivamente la resilienza climatica urbana nell\u2019Africa sudorientale. In Malawi lavorano nella citt\u00e0 di Zomba.<\/p>\n<p><a href=\"https:\/\/malawi.savethechildren.net\/\"><strong>Save the Children<\/strong><\/a><\/p>\n<p>Save the Children opera in diversi distretti del Malawi, fornendo assistenza nell&#8217;ambito della salute materno-infantile, dell&#8217;educazione dei giovani e della protezione dei diritti dell&#8217;infanzia. Attualmente hanno attivo un progetto promosso AICS-AID\/012590\/09\/9 &#8220;SMART CLIMATE: Sustainable Malawian agriculture to enhance resilience to climate change\u201d (CISP capofila).<\/p>\n<p><a href=\"https:\/\/www.solidaliperilmalawi.org\/\"><strong>SOLIDALI PER IL MALAWI<\/strong><\/a><\/p>\n<p>L\u2019associazione nasce nel 2011 per rispondere alle situazioni di estrema povert\u00e0, fame, miseria e malattia che affliggono il Malawi operano Monkey Bay con il Progetto Madalitso Children Medical Centre. I progetti si sostentano grazie a donazioni private e sostegno a distanza.<\/p>\n","protected":false},"excerpt":{"rendered":"Nel nuovo Documento triennale di programmazione e indirizzo in fase di approvazione, il Malawi sar\u00e0 incluso nel novero dei Paesi prioritari per la cooperazione allo sviluppo italiana. I pilastri delle future attivit\u00e0 di cooperazione riguardano l\u2019agro-alimentare e lo sviluppo dei servizi di base e la gestione delle risorse naturali in un\u2019ottica di protezione ambientale. Nel [&hellip;]","protected":false},"author":1,"featured_media":0,"parent":2218,"menu_order":4,"comment_status":"closed","ping_status":"closed","template":"","meta":{"footnotes":""},"class_list":["post-2241","page","type-page","status-publish","hentry"],"_links":{"self":[{"href":"https:\/\/amblusaka.esteri.it\/it\/wp-json\/wp\/v2\/pages\/2241","targetHints":{"allow":["GET"]}}],"collection":[{"href":"https:\/\/amblusaka.esteri.it\/it\/wp-json\/wp\/v2\/pages"}],"about":[{"href":"https:\/\/amblusaka.esteri.it\/it\/wp-json\/wp\/v2\/types\/page"}],"author":[{"embeddable":true,"href":"https:\/\/amblusaka.esteri.it\/it\/wp-json\/wp\/v2\/users\/1"}],"replies":[{"embeddable":true,"href":"https:\/\/amblusaka.esteri.it\/it\/wp-json\/wp\/v2\/comments?post=2241"}],"version-history":[{"count":3,"href":"https:\/\/amblusaka.esteri.it\/it\/wp-json\/wp\/v2\/pages\/2241\/revisions"}],"predecessor-version":[{"id":2390,"href":"https:\/\/amblusaka.esteri.it\/it\/wp-json\/wp\/v2\/pages\/2241\/revisions\/2390"}],"up":[{"embeddable":true,"href":"https:\/\/amblusaka.esteri.it\/it\/wp-json\/wp\/v2\/pages\/2218"}],"wp:attachment":[{"href":"https:\/\/amblusaka.esteri.it\/it\/wp-json\/wp\/v2\/media?parent=2241"}],"curies":[{"name":"wp","href":"https:\/\/api.w.org\/{rel}","templated":true}]}}