{"id":2231,"date":"2024-09-18T14:29:39","date_gmt":"2024-09-18T12:29:39","guid":{"rendered":"https:\/\/amblusaka.esteri.it\/?page_id=2231"},"modified":"2024-12-31T08:41:59","modified_gmt":"2024-12-31T06:41:59","slug":"diplomazia-culturale","status":"publish","type":"page","link":"https:\/\/amblusaka.esteri.it\/it\/italia-e-malawi\/diplomazia-culturale\/","title":{"rendered":"Diplomazia culturale"},"content":{"rendered":"<p>Link social:<\/p>\n<p><a href=\"https:\/\/twitter.com\/ItalyinZambia\">https:\/\/twitter.com\/ItalyinZambia<\/a><\/p>\n<p><a href=\"https:\/\/www.facebook.com\/Amblusaka\">https:\/\/www.facebook.com\/Amblusaka<\/a><\/p>\n<p><a href=\"https:\/\/www.instagram.com\/italy_in_zambia\/\">https:\/\/www.instagram.com\/italy_in_zambia\/<\/a><\/p>\n<p><a href=\"https:\/\/www.youtube.com\/channel\/UCwbIgkwYFjiy3Xla4QxwkOw?view_as=subscriber\">https:\/\/www.youtube.com\/channel\/UCwbIgkwYFjiy3Xla4QxwkOw?view_as=subscriber<\/a><\/p>\n<p><strong>Studiare in Italia<\/strong><\/p>\n<p>Varie Universit\u00e0 nelle principali citt\u00e0 italiane offrono la possibilit\u00e0 agli studenti stranieri di seguire corsi di Laurea e Master in Inglese.<\/p>\n<p>Tutte le informazioni sulle iscrizioni e le modalit\u00e0 per le domande si trovano\u00a0 <a href=\"https:\/\/www.esteri.it\/it\/diplomazia-culturale-e-diplomazia-scientifica\/cultura\/universita\/\">QUI<\/a> (italiano)\u00a0e <a href=\"https:\/\/www.esteri.it\/en\/diplomazia-culturale-e-diplomazia-scientifica\/cultura\/universita\/\">QUI<\/a> (inglese)<\/p>\n<p>Gli Uffici Consolari dell\u2019Ambasciata offrono servizi\u00a0per l\u2019emissione del Certificato di Valore e assistenza relativa alle iscrizioni presso le Universit\u00e0 italiane.<\/p>\n","protected":false},"excerpt":{"rendered":"Link social: https:\/\/twitter.com\/ItalyinZambia https:\/\/www.facebook.com\/Amblusaka https:\/\/www.instagram.com\/italy_in_zambia\/ https:\/\/www.youtube.com\/channel\/UCwbIgkwYFjiy3Xla4QxwkOw?view_as=subscriber Studiare in Italia Varie Universit\u00e0 nelle principali citt\u00e0 italiane offrono la possibilit\u00e0 agli studenti stranieri di seguire corsi di Laurea e Master in Inglese. Tutte le informazioni sulle iscrizioni e le modalit\u00e0 per le domande si trovano\u00a0 QUI (italiano)\u00a0e QUI (inglese) Gli Uffici Consolari dell\u2019Ambasciata offrono servizi\u00a0per l\u2019emissione del [&hellip;]","protected":false},"author":1,"featured_media":0,"parent":2218,"menu_order":2,"comment_status":"closed","ping_status":"closed","template":"","meta":{"footnotes":""},"class_list":["post-2231","page","type-page","status-publish","hentry"],"_links":{"self":[{"href":"https:\/\/amblusaka.esteri.it\/it\/wp-json\/wp\/v2\/pages\/2231","targetHints":{"allow":["GET"]}}],"collection":[{"href":"https:\/\/amblusaka.esteri.it\/it\/wp-json\/wp\/v2\/pages"}],"about":[{"href":"https:\/\/amblusaka.esteri.it\/it\/wp-json\/wp\/v2\/types\/page"}],"author":[{"embeddable":true,"href":"https:\/\/amblusaka.esteri.it\/it\/wp-json\/wp\/v2\/users\/1"}],"replies":[{"embeddable":true,"href":"https:\/\/amblusaka.esteri.it\/it\/wp-json\/wp\/v2\/comments?post=2231"}],"version-history":[{"count":2,"href":"https:\/\/amblusaka.esteri.it\/it\/wp-json\/wp\/v2\/pages\/2231\/revisions"}],"predecessor-version":[{"id":2394,"href":"https:\/\/amblusaka.esteri.it\/it\/wp-json\/wp\/v2\/pages\/2231\/revisions\/2394"}],"up":[{"embeddable":true,"href":"https:\/\/amblusaka.esteri.it\/it\/wp-json\/wp\/v2\/pages\/2218"}],"wp:attachment":[{"href":"https:\/\/amblusaka.esteri.it\/it\/wp-json\/wp\/v2\/media?parent=2231"}],"curies":[{"name":"wp","href":"https:\/\/api.w.org\/{rel}","templated":true}]}}