{"id":14,"date":"2023-04-11T17:08:52","date_gmt":"2023-04-11T15:08:52","guid":{"rendered":"https:\/\/ambasciatapraga.esteri.it\/?page_id=14"},"modified":"2024-12-27T10:53:34","modified_gmt":"2024-12-27T08:53:34","slug":"italia-e-zambia","status":"publish","type":"page","link":"https:\/\/amblusaka.esteri.it\/it\/italia-e-zambia\/","title":{"rendered":"Italia e Zambia"},"content":{"rendered":"<p style=\"text-align: justify;\"><strong>Relazioni bilaterali (Italia e Zambia)<\/strong><\/p>\n<p style=\"text-align: justify;\">Italia e Zambia godono di <strong>ottime relazioni bilaterali<\/strong>, testimoniate dalla cooperazione nei settori economico, culturale e dalla presenza di una relativamente numerosa e ben inserita comunit\u00e0 italiana (a febbraio 2024, circa 618 connazionali erano iscritti all\u2019anagrafe consolare). Dal giugno 2024 lo Zambia \u00e8 stato inoltre incluso nel novero dei <strong>Paesi prioritari per la cooperazione allo sviluppo<\/strong> italiana, con aree di priorit\u00e0 che riguardano l\u2019agro-alimentare e la protezione dell\u2019ambiente.<\/p>\n<p style=\"text-align: justify;\"><strong>Nel 2023 l\u2019interscambio complessivo Italia-Zambia \u00e8 stato pari a 77 milioni di euro<\/strong>.<\/p>\n<p style=\"text-align: justify;\">Le maggiori imprese italiane che attualmente operano in Zambia sono la Enel Green Power nel settore energetico; le imprese di consulenza SARI, Team Engineering e Technital; Parmalat \/Lactalis e l\u2019impresa sociale GIGIBONT\u00c0 Franchising.<\/p>\n<p style=\"text-align: justify;\">Le gi\u00e0 ottime prospettive per le aziende dei connazionali che desiderano investire nel Paese saranno rese ancora pi\u00f9 rosee dall\u2019<strong>impegno del governo italiano a stanziare 300 milioni di Euro per lo sviluppo del ramo ferroviario del corridoio di Lobito<\/strong>, nel quadro del Piano Mattei per l\u2019Africa.<\/p>\n<p style=\"text-align: justify;\">Le relazioni culturali costituiscono il perno dell\u2019attivit\u00e0 dell\u2019Ambasciata d\u2019Italia in Zambia. Nata negli anni 70, la Scuola Italiana di Lusaka \u201c<strong>Scuola Edmondo De Amicis<\/strong>\u201d, si \u00e8 trasformata negli Anni \u201990 in scuola internazionale e continua ancor oggi a crescere, ospitando pi\u00f9 di 400 alunni. L\u2019annesso <strong>Centro Culturale Italo-Zambiano<\/strong> (ZICC, istituito nel 2019) ospita rappresentazioni teatrali, musicali e cinematografiche e uno spazio espositivo adatto all\u2019allestimento di mostre pittoriche e di altre arti visive, spesso in collaborazione con l\u2019Ambasciata d\u2019Italia. Inoltre, da giugno 2019, la <strong>Societ\u00e0 Dante Alighieri<\/strong> \u00e8 presente con un Comitato locale a Lusaka.<\/p>\n<p style=\"text-align: justify;\">Lo Zambia rientra tra i Paesi beneficiari di <strong>borse di studio erogate dal Governo italiano<\/strong>: per l\u2019anno accademico 2024\/2025 allo Zambia sono state assegnate 63 mensilit\u00e0 (54 iniziali pi\u00f9 9 mensilit\u00e0 aggiuntive concesse nell\u2019agosto 2024).<\/p>\n<p style=\"text-align: justify;\">La <strong>visita ufficiale del Presidente della Repubblica Mattarella (6-8 luglio 2022)<\/strong> ha segnato un momento storico di sostegno ai principi democratici in Zambia oltre a rilanciare ulteriormente le relazioni bilaterali. In restituzione, <strong>il Presidente Hakainde Hichilema ha compiuto una visita ufficiale a Roma il 21 novembre 2023<\/strong>. In tale occasione ha avuto dei colloqui con il Presidente Mattarella che era assistito dal Vice Ministro degli Esteri Cirielli, e ha partecipato a un business forum organizzato da Assafrica di Confindustria. La visita del Direttore Generale della Cooperazione Stefano Gatti nel luglio 2024 per annunciare il riavvio della cooperazione bilaterale italiana ha ulteriormente cementato i legami tra i due paesi.<\/p>\n","protected":false},"excerpt":{"rendered":"Relazioni bilaterali (Italia e Zambia) Italia e Zambia godono di ottime relazioni bilaterali, testimoniate dalla cooperazione nei settori economico, culturale e dalla presenza di una relativamente numerosa e ben inserita comunit\u00e0 italiana (a febbraio 2024, circa 618 connazionali erano iscritti all\u2019anagrafe consolare). Dal giugno 2024 lo Zambia \u00e8 stato inoltre incluso nel novero dei Paesi [&hellip;]","protected":false},"author":1,"featured_media":0,"parent":0,"menu_order":4,"comment_status":"closed","ping_status":"closed","template":"","meta":{"footnotes":""},"class_list":["post-14","page","type-page","status-publish","hentry"],"_links":{"self":[{"href":"https:\/\/amblusaka.esteri.it\/it\/wp-json\/wp\/v2\/pages\/14","targetHints":{"allow":["GET"]}}],"collection":[{"href":"https:\/\/amblusaka.esteri.it\/it\/wp-json\/wp\/v2\/pages"}],"about":[{"href":"https:\/\/amblusaka.esteri.it\/it\/wp-json\/wp\/v2\/types\/page"}],"author":[{"embeddable":true,"href":"https:\/\/amblusaka.esteri.it\/it\/wp-json\/wp\/v2\/users\/1"}],"replies":[{"embeddable":true,"href":"https:\/\/amblusaka.esteri.it\/it\/wp-json\/wp\/v2\/comments?post=14"}],"version-history":[{"count":6,"href":"https:\/\/amblusaka.esteri.it\/it\/wp-json\/wp\/v2\/pages\/14\/revisions"}],"predecessor-version":[{"id":2338,"href":"https:\/\/amblusaka.esteri.it\/it\/wp-json\/wp\/v2\/pages\/14\/revisions\/2338"}],"wp:attachment":[{"href":"https:\/\/amblusaka.esteri.it\/it\/wp-json\/wp\/v2\/media?parent=14"}],"curies":[{"name":"wp","href":"https:\/\/api.w.org\/{rel}","templated":true}]}}